{"id":1158,"date":"2023-09-24T17:54:39","date_gmt":"2023-09-25T00:54:39","guid":{"rendered":"https:\/\/centermaghribstudies.org\/?page_id=1158"},"modified":"2023-09-24T18:05:04","modified_gmt":"2023-09-25T01:05:04","slug":"the-maghrib-as-a-social-and-cultural-crossroads-historicizing-maghribi-diversity-and-identity","status":"publish","type":"page","link":"https:\/\/centermaghribstudies.org\/fr\/the-maghrib-as-a-social-and-cultural-crossroads-historicizing-maghribi-diversity-and-identity\/","title":{"rendered":"The Maghrib as a Social and Cultural Crossroads: Historicizing Maghribi Diversity and Identity"},"content":{"rendered":"<p style=\"text-align: center;\"><strong><br \/>\nConference of the Center for Maghrib Studies at Arizona State University and the \u201cMigrations. Mobilities, Cosmopolitanism\u201d Chair at International University of Rabat (UIR), Morocco<\/strong><br \/>\nThe Conference will be held at the UIR in Rabat, May 23-25, 2024<br \/>\nMehdi Alioua and Chouki El Hamel (organizers)<\/p>\n<p><strong>The Maghrib as a Social and Cultural Crossroads: Historicizing Maghribi Diversity and Identity<\/strong><\/p>\n<p>The Maghrib has a very long history of migration, colonization, settlement, and cultural synthesis. As part of the Mediterranean, the region experienced waves of immigrants \u2013 although researchers have rarely considered them as such \u2013 including the Phoenicians, Greeks, Romans, Jews, Vandals, Arabs, Andalusians, French and Italians. As part of Africa, the Maghrib was also linked to the rest of the continent through the trans-Saharan trade, which brought millions of West Africans to the Maghrib, mainly as captives. These West Africans included Mand\u00e9, Fulb\u00e9, Wolof, Songhay, Dogon, Hausa, and others. What are the surviving legacies of these waves of immigration? Do the peoples of the Maghrib see themselves as ethnically diverse? If so, what are the main components of that diversity?<\/p>\n<p>This conference will examine the long demographic and cultural history of the Maghrib. It will explore the processes through which diverse peoples forged related cultural and social identities, and the various meanings of those identities at different times and places. We define the Maghrib broadly, including all the North African countries West of Egypt, specifically Morocco, Algeria, Tunisia, Libya and Mauritania, but also much of the Sahara and historic Andalusia.<\/p>\n<p><strong>French :<\/strong><\/p>\n<p style=\"text-align: center;\"><strong>Conf\u00e9rence du Center for Maghrib Studies de l\u2019Arizona State University et de la Chaire \u00ab Migrations, Mobilit\u00e9s, Cosmopolitisme \u00bb de l\u2019Universit\u00e9 Internationale de Rabat au Maroc<\/strong><\/p>\n<p><strong>Le Maghreb, carrefour social et culturel : historiciser la diversit\u00e9 et l\u2019identit\u00e9 maghr\u00e9bines<\/strong><\/p>\n<p>Le Maghreb est marqu\u00e9 par une longue histoire de migrations, de colonisation, de peuplement et de m\u00e9tissage culturel. R\u00e9gion m\u00e9diterran\u00e9enne, le Maghreb a vu arriver au cours des si\u00e8cles des vagues de migrants \u2013 les chercheurs ne les consid\u00e9rant souvent pas comme tel \u2013 tels que des ph\u00e9niciens, grecs, romains, juifs, vandales, arabes, andalous, fran\u00e7ais et italiens. R\u00e9gion africaine, elle a aussi \u00e9t\u00e9 en contact avec le reste du continent par les routes commerciales transsahariennes, \u00e0 travers lesquelles des millions d\u2019Ouest-Africains, principalement des captifs, ont afflu\u00e9 au Maghreb. On y compte par exemple des Mand\u00e9s, des Fulb\u00e9s, des Wolofs, des Songhays, des Dogons, des Hausas, entre autres. Quels sont les h\u00e9ritages contemporains de ces vagues d\u2019immigration ? Les populations du Maghreb se consid\u00e8rent-elles ethniquement diverses ? Et si oui, quels sont les \u00e9l\u00e9ments principaux de cette diversit\u00e9 ?<\/p>\n<p>La conf\u00e9rence a pour but l\u2019examen de la riche histoire d\u00e9mographique et culturelle du Maghreb. Elle explore les processus \u00e0 travers lesquels des peuples divers fa\u00e7onnent des identit\u00e9s sociales et culturelles entrem\u00eal\u00e9es et les diverses significations que rev\u00eatent ces identit\u00e9s \u00e0 travers le temps et l\u2019espace. Nous adoptons une d\u00e9finition large du Maghreb, qui comprend l\u2019ensemble des pays nord-africains \u00e0 l\u2019ouest de l\u2019Egypte, particuli\u00e8rement le Maroc, l\u2019Alg\u00e9rie, la Tunisie, la Libye, la Mauritanie, mais aussi la majorit\u00e9 du Sahara et de l\u2019Andalousie historique.<\/p>\n<p>Please submit paper abstracts (300 words) and academic bio (100 words) to selection committee at: <a href=\"\/fr\/cms.conference2023@gmail.com\/\">cms.conference2023@gmail.com<\/a>. Abstracts should state the paper\u2019s argument and its evidentiary basis. Paper proposals are due on December 1, 2023. For all inquiries, please email <a href=\"\/fr\/hel01@asu.edu\/\">hel01@asu.edu<\/a>.<\/p>","protected":false},"excerpt":{"rendered":"<p>Conference of the Center for Maghrib Studies at Arizona State University and the \u201cMigrations. Mobilities, Cosmopolitanism\u201d Chair at International University&nbsp;[&hellip;]<\/p>\n","protected":false},"author":3,"featured_media":0,"parent":0,"menu_order":0,"comment_status":"closed","ping_status":"closed","template":"","meta":{"footnotes":""},"class_list":["post-1158","page","type-page","status-publish","hentry","post-item clearfix"],"_links":{"self":[{"href":"https:\/\/centermaghribstudies.org\/fr\/wp-json\/wp\/v2\/pages\/1158","targetHints":{"allow":["GET"]}}],"collection":[{"href":"https:\/\/centermaghribstudies.org\/fr\/wp-json\/wp\/v2\/pages"}],"about":[{"href":"https:\/\/centermaghribstudies.org\/fr\/wp-json\/wp\/v2\/types\/page"}],"author":[{"embeddable":true,"href":"https:\/\/centermaghribstudies.org\/fr\/wp-json\/wp\/v2\/users\/3"}],"replies":[{"embeddable":true,"href":"https:\/\/centermaghribstudies.org\/fr\/wp-json\/wp\/v2\/comments?post=1158"}],"version-history":[{"count":3,"href":"https:\/\/centermaghribstudies.org\/fr\/wp-json\/wp\/v2\/pages\/1158\/revisions"}],"predecessor-version":[{"id":1162,"href":"https:\/\/centermaghribstudies.org\/fr\/wp-json\/wp\/v2\/pages\/1158\/revisions\/1162"}],"wp:attachment":[{"href":"https:\/\/centermaghribstudies.org\/fr\/wp-json\/wp\/v2\/media?parent=1158"}],"curies":[{"name":"wp","href":"https:\/\/api.w.org\/{rel}","templated":true}]}}