{"id":380,"date":"2019-03-02T12:42:59","date_gmt":"2019-03-02T19:42:59","guid":{"rendered":"https:\/\/centermaghribstudies.org\/?page_id=380"},"modified":"2022-02-17T13:44:27","modified_gmt":"2022-02-17T20:44:27","slug":"mapping-the-maghrib","status":"publish","type":"page","link":"https:\/\/centermaghribstudies.org\/fr\/mapping-the-maghrib\/","title":{"rendered":"Placer le Maghreb"},"content":{"rendered":"<div id=\"pl-380\"  class=\"panel-layout\" ><div id=\"pg-380-0\"  class=\"panel-grid panel-has-style\" ><div style=\"padding-top: 0px; padding-bottom: 100px; \" data-mobile-padding=\"50px\" data-overlay-color=\"#000000\" class=\"panel-row-style panel-row-style-for-380-0\" ><div id=\"pgc-380-0-0\"  class=\"panel-grid-cell\" ><div id=\"panel-380-0-0-0\" class=\"so-panel widget widget_text panel-first-child panel-last-child\" data-index=\"0\" ><div style=\"text-align: left;\" data-title-color=\"#2d3142\" data-headings-color=\"#2d3142\" class=\"panel-widget-style panel-widget-style-for-380-0-0-0\" >\t\t\t<div class=\"textwidget\"><h3><a href=\"https:\/\/storymaps.arcgis.com\/stories\/a227b874713745b0b86ca63ac515d597\">Paysages Sociaux et Politiques<\/a><\/h3>\n<h3>This project is part of the mission of the Center. \u00a0Here is the link for the project <a href=\"https:\/\/storymaps.arcgis.com\/stories\/a227b874713745b0b86ca63ac515d597\" target=\"_blank\" rel=\"noopener\">&#8220;De-Constructing the Maghrib&#8221;.<\/a><\/h3>\n<p>Le Maghreb ou \"l'Ouest\" (anciennement Ouest de l'\u00c9gypte), est une r\u00e9gion distincte en termes d'espace, de peuples, de cultures et de languages qui s'\u00e9tend sur le Maroc, l'Alg\u00e9rie, la Tunisie, La Libye, et la Mauritanie. Les cours d'eau traversant le Maghreb connectent la r\u00e9gion avec les Montagnes de l'Atlas, L'Atlantic, la M\u00e9diterran\u00e9e, et bien \u00e9videmment, le Sahara. Tandis que l'Islam constitut un r\u00f4le primordiale tout aussi bien au niveau religieux que culturel au sein de la region, le Maghreb a su s'approprier une identit\u00e9 propre et p\u00e9renne en dehors des \u00e9tats et empires empires au pouvoir \u00e0 travers son histoire. \"Placer le Maghreb\" est un projet \u00e0 plusieurs facettes qui par sa tentative de \"placer\" la region, sa culture, ses peuples et son histoire, s'appuie sur des efforts interactifs et multi-disciplinaires sur le net. C'est en construisant son succ\u00e8s a l'aide des biblioth\u00e8que, School of Historical, Philosophical et Religious Studies de l'universit\u00e9 d'Arizona State que nous nous engageons a partager des \"histoires importantes\" ainsi qu'a fournir  une examination acad\u00e9mique rigoureuse soulignant des concepts historiques, des orientations et de projets pour y amener une dissection minutieuse de la region pour y presenter de mani\u00e8re digitale  ses ideologies, ses climats politiques, son histoire, sa culture, ses languages, sa musique, ses representations artistiques, ses religions et sa g\u00e9ographie. Le but final du projet \"Placer le Maghreb\" est de g\u00e9n\u00e9rer une discussion p\u00e9dagogique autour de la cartographie et l'histoire g\u00e9ographique du Maghreb. Avec ce projet, nous cherchons a accroitre les conversations autour du Maghreb au del\u00e0 du milieu \u00e9ducatif pour y atteindre le grand public \u00e0 l'aide de prototypes de \"story-telling\" digitaux et de m\u00e9thodes de g\u00e9o-visualisation.<\/p>\n<p>En d'autres termes, pour atteindre nos buts nous travaillons sur le d\u00e9roulement des activit\u00e9s suivantes:<\/p>\n<ul>\n<li>Recueillir une base de donn\u00e9s g\u00e9ographique, r\u00e9pertoriant les cartes de la r\u00e9gion (~du 7\u00e8me si\u00e8cle-jusqu'a aujourd'hui)<\/li>\n<li>Rendre toutes les cartes accessibles \u00e9lectroniquement pour le grand public<\/li>\n<li>Cartographier les archives silenc\u00e9es retra\u00e7ant l'esclavage, race et identit\u00e9.<\/li>\n<li>Developer une application web interractive pour y int\u00e9grer les elements pr\u00e9c\u00e9dents et y communiquer une histoire critique et approfondie sous forme de narratif culturel.<\/li>\n<li>Organiser, coordonner et animer un s\u00e9minaire\/conf\u00e9rence pour y transmettre un savoir interdisciplinaire sur le \" Maghreb and its Peoples in Time and Space.\"<\/li>\n<li>Archiver (en partenariat avec la librairie des collections sp\u00e9ciales de ASU) et recueillir des livres, manuscrits, proc\u00e9d\u00e9s de conf\u00e9rences et des articles scolaires.<\/li>\n<\/ul>\n<\/div>\n\t\t<\/div><\/div><\/div><\/div><\/div><div id=\"pg-380-1\"  class=\"panel-grid panel-has-style\" ><div class=\"siteorigin-panels-stretch panel-row-style panel-row-style-for-380-1\" style=\"padding-top: 100px; padding-bottom: 100px; \" data-stretch-type=\"full\" data-mobile-padding=\"50px\" data-overlay-color=\"#000000\" ><div id=\"pgc-380-1-0\"  class=\"panel-grid-cell\" ><div id=\"panel-380-1-0-0\" class=\"so-panel widget widget_athemes_blog athemes_blog_widget panel-first-child panel-last-child\" data-index=\"1\" ><div style=\"text-align: left;\" data-title-color=\"#2d3142\" data-headings-color=\"#2d3142\" class=\"panel-widget-style panel-widget-style-for-380-1-0-0\" >\n\t\t\t<div class=\"home-blog-section\">\n\t\t\t<h3 class=\"widget-title\">RECENT NEWS<\/h3>\t\t\t<div class=\"clearfix\">\n\t\t\t\t\t\t\t\t<div class=\"col-sm-4\">\n\t\t\t\t\t<div class=\"home-blog-item\">\n\t\t\t\t\t\t\t\n\t\t\t\t\t\t<div class=\"entry-meta meta-home\">\n\t\t\t\t\t\t\t<p><span class=\"byline\"><span class=\"author vcard\"><a class=\"url fn n\" href=\"https:\/\/centermaghribstudies.org\/fr\/author\/chouki\/\">Chouki El Hamel<\/a><\/span><span class=\"meta-dash\">&ndash;<\/span><\/span><span class=\"cat-links\"><a href=\"https:\/\/centermaghribstudies.org\/fr\/category\/events\/\" rel=\"category tag\">Events<\/a>, <a href=\"https:\/\/centermaghribstudies.org\/fr\/category\/news\/\" rel=\"category tag\">News<\/a><\/span><span class=\"meta-dash\">&ndash;<\/span><span class=\"posted-on\"><time class=\"entry-date published\" datetime=\"2025-09-12T14:35:56-07:00\">septembre 12, 2025<\/time><time class=\"updated\" datetime=\"2025-09-12T14:55:14-07:00\">septembre 12, 2025<\/time><\/span><\/p>\n\t\t\t\t\t\t<\/div>\n\t\t\t\t\t\t<div class=\"home-post-title\">\n\t\t\t\t\t\t\t<h3><a href=\"https:\/\/centermaghribstudies.org\/fr\/the-forgotten-pan-africanism-re-mapping-north-africa-onto-the-pan-african-world-2\/\" rel=\"bookmark\">The Forgotten Pan-Africanism Re-Mapping North Africa onto the Pan-African World<\/a><\/h3>\t\t\t\t\t\t<\/div>\n\t\t\t\t\t<\/div>\n\t\t\t\t<\/div>\n\t\t\t\t\t\t\t\t<div class=\"col-sm-4\">\n\t\t\t\t\t<div class=\"home-blog-item\">\n\t\t\t\t\t\t\t\n\t\t\t\t\t\t<div class=\"entry-meta meta-home\">\n\t\t\t\t\t\t\t<p><span class=\"byline\"><span class=\"author vcard\"><a class=\"url fn n\" href=\"https:\/\/centermaghribstudies.org\/fr\/author\/chouki\/\">Chouki El Hamel<\/a><\/span><span class=\"meta-dash\">&ndash;<\/span><\/span><span class=\"cat-links\"><a href=\"https:\/\/centermaghribstudies.org\/fr\/category\/news\/\" rel=\"category tag\">News<\/a><\/span><span class=\"meta-dash\">&ndash;<\/span><span class=\"posted-on\"><time class=\"entry-date published\" datetime=\"2025-02-22T20:38:51-07:00\">f\u00e9vrier 22, 2025<\/time><time class=\"updated\" datetime=\"2025-02-23T11:25:16-07:00\">f\u00e9vrier 23, 2025<\/time><\/span><\/p>\n\t\t\t\t\t\t<\/div>\n\t\t\t\t\t\t<div class=\"home-post-title\">\n\t\t\t\t\t\t\t<h3><a href=\"https:\/\/centermaghribstudies.org\/fr\/bibliography\/\" rel=\"bookmark\">Bibliography<\/a><\/h3>\t\t\t\t\t\t<\/div>\n\t\t\t\t\t<\/div>\n\t\t\t\t<\/div>\n\t\t\t\t\t\t\t\t<div class=\"col-sm-4\">\n\t\t\t\t\t<div class=\"home-blog-item\">\n\t\t\t\t\t\t\t\n\t\t\t\t\t\t<div class=\"entry-meta meta-home\">\n\t\t\t\t\t\t\t<p><span class=\"byline\"><span class=\"author vcard\"><a class=\"url fn n\" href=\"https:\/\/centermaghribstudies.org\/fr\/author\/chouki\/\">Chouki El Hamel<\/a><\/span><span class=\"meta-dash\">&ndash;<\/span><\/span><span class=\"cat-links\"><a href=\"https:\/\/centermaghribstudies.org\/fr\/category\/events\/\" rel=\"category tag\">Events<\/a>, <a href=\"https:\/\/centermaghribstudies.org\/fr\/category\/news\/\" rel=\"category tag\">News<\/a><\/span><span class=\"meta-dash\">&ndash;<\/span><span class=\"posted-on\"><time class=\"entry-date published updated\" datetime=\"2023-09-24T18:04:35-07:00\">septembre 24, 2023<\/time><\/span><\/p>\n\t\t\t\t\t\t<\/div>\n\t\t\t\t\t\t<div class=\"home-post-title\">\n\t\t\t\t\t\t\t<h3><a href=\"https:\/\/centermaghribstudies.org\/fr\/the-maghrib-as-a-social-and-cultural-crossroads-historicizing-maghribi-diversity-and-identity\/\" rel=\"bookmark\">The Maghrib as a Social and Cultural Crossroads: Historicizing Maghribi Diversity and Identity<\/a><\/h3>\t\t\t\t\t\t<\/div>\n\t\t\t\t\t<\/div>\n\t\t\t\t<\/div>\n\t\t\t\t\t\t\t\t<\/div>\n\t\t\t\t\t\t\t\t\t\t<div class=\"blog-button\"><a href=\"https:\/\/centermaghribstudies.org\/fr\/news-events\/\">+ See all our news<\/a><\/div>\n\t\t\t\t\t\n\t\t\t\t\t\t<\/div>\n\t\t\t<\/div><\/div><\/div><\/div><\/div><\/div>","protected":false},"excerpt":{"rendered":"<p>Social and Political Landscapes This project is part of the mission of the Center. \u00a0Here is the link for the&nbsp;[&hellip;]<\/p>\n","protected":false},"author":3,"featured_media":0,"parent":0,"menu_order":0,"comment_status":"closed","ping_status":"closed","template":"page-templates\/template_fullwidth.php","meta":{"footnotes":""},"class_list":["post-380","page","type-page","status-publish","hentry","post-item clearfix"],"_links":{"self":[{"href":"https:\/\/centermaghribstudies.org\/fr\/wp-json\/wp\/v2\/pages\/380","targetHints":{"allow":["GET"]}}],"collection":[{"href":"https:\/\/centermaghribstudies.org\/fr\/wp-json\/wp\/v2\/pages"}],"about":[{"href":"https:\/\/centermaghribstudies.org\/fr\/wp-json\/wp\/v2\/types\/page"}],"author":[{"embeddable":true,"href":"https:\/\/centermaghribstudies.org\/fr\/wp-json\/wp\/v2\/users\/3"}],"replies":[{"embeddable":true,"href":"https:\/\/centermaghribstudies.org\/fr\/wp-json\/wp\/v2\/comments?post=380"}],"version-history":[{"count":40,"href":"https:\/\/centermaghribstudies.org\/fr\/wp-json\/wp\/v2\/pages\/380\/revisions"}],"predecessor-version":[{"id":868,"href":"https:\/\/centermaghribstudies.org\/fr\/wp-json\/wp\/v2\/pages\/380\/revisions\/868"}],"wp:attachment":[{"href":"https:\/\/centermaghribstudies.org\/fr\/wp-json\/wp\/v2\/media?parent=380"}],"curies":[{"name":"wp","href":"https:\/\/api.w.org\/{rel}","templated":true}]}}